{"id":72,"date":"2022-06-07T18:26:13","date_gmt":"2022-06-07T16:26:13","guid":{"rendered":"http:\/\/boqrkpv.cluster030.hosting.ovh.net\/?page_id=72"},"modified":"2022-07-20T19:52:01","modified_gmt":"2022-07-20T17:52:01","slug":"72-2","status":"publish","type":"page","link":"https:\/\/kasiaijafran.pl\/index.php\/72-2\/","title":{"rendered":"Potwierdzenie Obecno\u015bci"},"content":{"rendered":"\n<p><\/p>\n\n\n\n<p>W tak wa\u017cnym dla nas dniu zach\u0119camy do potwierdzania obecno\u015bci.<\/p>\n\n\n\n<div class=\"wp-block-contact-form-7-contact-form-selector\">\n<div class=\"wpcf7 no-js\" id=\"wpcf7-f495-o1\" lang=\"pl-PL\" dir=\"ltr\">\n<div class=\"screen-reader-response\"><p role=\"status\" aria-live=\"polite\" aria-atomic=\"true\"><\/p> <ul><\/ul><\/div>\n<form action=\"\/index.php\/wp-json\/wp\/v2\/pages\/72#wpcf7-f495-o1\" method=\"post\" class=\"wpcf7-form init\" aria-label=\"Formularz kontaktowy\" novalidate=\"novalidate\" data-status=\"init\">\n<div style=\"display: none;\">\n<input type=\"hidden\" name=\"_wpcf7\" value=\"495\" \/>\n<input type=\"hidden\" name=\"_wpcf7_version\" value=\"5.7.6\" \/>\n<input type=\"hidden\" name=\"_wpcf7_locale\" value=\"pl_PL\" \/>\n<input type=\"hidden\" name=\"_wpcf7_unit_tag\" value=\"wpcf7-f495-o1\" \/>\n<input type=\"hidden\" name=\"_wpcf7_container_post\" value=\"0\" \/>\n<input type=\"hidden\" name=\"_wpcf7_posted_data_hash\" value=\"\" \/>\n<input type=\"hidden\" name=\"_wpcf7cf_hidden_group_fields\" value=\"[]\" \/>\n<input type=\"hidden\" name=\"_wpcf7cf_hidden_groups\" value=\"[]\" \/>\n<input type=\"hidden\" name=\"_wpcf7cf_visible_groups\" value=\"[]\" \/>\n<input type=\"hidden\" name=\"_wpcf7cf_repeaters\" value=\"[]\" \/>\n<input type=\"hidden\" name=\"_wpcf7cf_steps\" value=\"{}\" \/>\n<input type=\"hidden\" name=\"_wpcf7cf_options\" value=\"{&quot;form_id&quot;:495,&quot;conditions&quot;:[{&quot;then_field&quot;:&quot;group-transport&quot;,&quot;and_rules&quot;:[{&quot;if_field&quot;:&quot;transport&quot;,&quot;operator&quot;:&quot;not empty&quot;,&quot;if_value&quot;:&quot;&quot;}]},{&quot;then_field&quot;:&quot;Dieta&quot;,&quot;and_rules&quot;:[{&quot;if_field&quot;:&quot;twoja-dieta&quot;,&quot;operator&quot;:&quot;not empty&quot;,&quot;if_value&quot;:&quot;&quot;}]}],&quot;settings&quot;:{&quot;animation&quot;:&quot;yes&quot;,&quot;animation_intime&quot;:200,&quot;animation_outtime&quot;:200,&quot;conditions_ui&quot;:&quot;normal&quot;,&quot;notice_dismissed&quot;:false,&quot;notice_dismissed_rollback-cf7-5.6&quot;:true}}\" \/>\n<\/div>\n<p><label> Imiona i Nazwiska<br \/>\n<span class=\"wpcf7-form-control-wrap\" data-name=\"your-name\"><input size=\"40\" class=\"wpcf7-form-control wpcf7-text wpcf7-validates-as-required\" aria-required=\"true\" aria-invalid=\"false\" value=\"\" type=\"text\" name=\"your-name\" \/><\/span><br \/>\n<\/label>\n<\/p>\n<p><span class=\"wpcf7-form-control-wrap\" data-name=\"transport\"><span class=\"wpcf7-form-control wpcf7-checkbox\"><span class=\"wpcf7-list-item first last\"><label><input type=\"checkbox\" name=\"transport[]\" value=\"Czy jeste\u015bcie zainteresowani wsp\u00f3lnym dojazdem autokarem z ko\u015bcio\u0142a na sal\u0119 weseln\u0105?\" \/><span class=\"wpcf7-list-item-label\">Czy jeste\u015bcie zainteresowani wsp\u00f3lnym dojazdem autokarem z ko\u015bcio\u0142a na sal\u0119 weseln\u0105?<\/span><\/label><\/span><\/span><\/span>\n<\/p>\n<div data-id=\"group-transport\" data-orig_data_id=\"group-transport\"  data-class=\"wpcf7cf_group\">\n\t<p><label>Ilo\u015b\u0107 miejsc: <span class=\"wpcf7-form-control-wrap\" data-name=\"your-number\"><input class=\"wpcf7-form-control wpcf7-number wpcf7-validates-as-number required\" max=\"7\" step=\"1\" aria-invalid=\"false\" value=\"0\" type=\"number\" name=\"your-number\" \/><\/span><\/label>\n\t<\/p>\n<\/div>\n<p><span class=\"wpcf7-form-control-wrap\" data-name=\"twoja-dieta\"><span class=\"wpcf7-form-control wpcf7-checkbox\"><span class=\"wpcf7-list-item first last\"><label><input type=\"checkbox\" name=\"twoja-dieta[]\" value=\"Czy jeste\u015b na specjalnej diecie? :)\" \/><span class=\"wpcf7-list-item-label\">Czy jeste\u015b na specjalnej diecie? \ud83d\ude42<\/span><\/label><\/span><\/span><\/span>\n<\/p>\n<div data-id=\"Dieta\" data-orig_data_id=\"Dieta\"  data-class=\"wpcf7cf_group\">\n\t<p><label>... a na jakiej: <span class=\"wpcf7-form-control-wrap\" data-name=\"nazwa\"><input size=\"40\" class=\"wpcf7-form-control wpcf7-text\" aria-invalid=\"false\" value=\"\" type=\"text\" name=\"nazwa\" \/><\/span><\/label>\n\t<\/p>\n<\/div>\n<p><label> Dodatkowe informacje o Twojej\/Waszej obecno\u015bci: (opcjonalne)<br \/>\n<span class=\"wpcf7-form-control-wrap\" data-name=\"your-message\"><textarea cols=\"40\" rows=\"10\" class=\"wpcf7-form-control wpcf7-textarea\" aria-invalid=\"false\" name=\"your-message\"><\/textarea><\/span><br \/>\n<\/label>\n<\/p>\n<p><input class=\"wpcf7-form-control has-spinner wpcf7-submit\" type=\"submit\" value=\"Wy\u015blij\" \/>\n<\/p><div class=\"wpcf7-response-output\" aria-hidden=\"true\"><\/div>\n<\/form>\n<\/div>\n<\/div>\n\n\n\n<p>Zawsze mo\u017cna do nas <a href=\"\/#kontakt\" data-type=\"URL\" data-id=\"\/#kontakt\">zadzwoni\u0107<\/a><\/p>\n\n\n\n<div class=\"wp-block-buttons is-content-justification-right is-layout-flex wp-container-1\">\n<div class=\"wp-block-button is-style-fill\"><a class=\"wp-block-button__link\" href=\"https:\/\/kasiaijafran.pl\">Powr\u00f3t do strony g\u0142\u00f3wnej<\/a><\/div>\n<\/div>\n","protected":false},"excerpt":{"rendered":"<p>W tak wa\u017cnym dla nas dniu zach\u0119camy do potwierdzania obecno\u015bci. Zawsze mo\u017cna do nas zadzwoni\u0107<\/p>\n","protected":false},"author":1,"featured_media":0,"parent":0,"menu_order":0,"comment_status":"closed","ping_status":"closed","template":"","meta":{"pgc_sgb_lightbox_settings":""},"_links":{"self":[{"href":"https:\/\/kasiaijafran.pl\/index.php\/wp-json\/wp\/v2\/pages\/72"}],"collection":[{"href":"https:\/\/kasiaijafran.pl\/index.php\/wp-json\/wp\/v2\/pages"}],"about":[{"href":"https:\/\/kasiaijafran.pl\/index.php\/wp-json\/wp\/v2\/types\/page"}],"author":[{"embeddable":true,"href":"https:\/\/kasiaijafran.pl\/index.php\/wp-json\/wp\/v2\/users\/1"}],"replies":[{"embeddable":true,"href":"https:\/\/kasiaijafran.pl\/index.php\/wp-json\/wp\/v2\/comments?post=72"}],"version-history":[{"count":22,"href":"https:\/\/kasiaijafran.pl\/index.php\/wp-json\/wp\/v2\/pages\/72\/revisions"}],"predecessor-version":[{"id":652,"href":"https:\/\/kasiaijafran.pl\/index.php\/wp-json\/wp\/v2\/pages\/72\/revisions\/652"}],"wp:attachment":[{"href":"https:\/\/kasiaijafran.pl\/index.php\/wp-json\/wp\/v2\/media?parent=72"}],"curies":[{"name":"wp","href":"https:\/\/api.w.org\/{rel}","templated":true}]}}